{"id":106,"date":"2025-10-01T11:17:45","date_gmt":"2025-10-01T11:17:45","guid":{"rendered":"https:\/\/ape.jouarre.net\/a-propos-de-nous\/"},"modified":"2025-10-01T11:17:48","modified_gmt":"2025-10-01T11:17:48","slug":"a-propos-de-nous","status":"publish","type":"page","link":"https:\/\/ape.jouarre.net\/?page_id=106","title":{"rendered":"\u00c0 propos de nous"},"content":{"rendered":"\t\t<div data-elementor-type=\"wp-page\" data-elementor-id=\"106\" class=\"elementor elementor-106\">\n\t\t\t\t<div class=\"elementor-element elementor-element-twq4itc9 twbb_section e-con-boxed e-flex e-con e-parent\" data-id=\"twq4itc9\" data-element_type=\"container\" data-e-type=\"container\" id=\"our-association\">\n\t\t\t\t\t<div class=\"e-con-inner\">\n\t\t\t\t<div class=\"elementor-element elementor-element-mb301ng7 elementor-widget__width-initial elementor-widget-mobile__width-inherit elementor-widget-tablet__width-initial elementor-widget elementor-widget-image\" data-id=\"mb301ng7\" data-element_type=\"widget\" data-e-type=\"widget\" data-widget_type=\"image.default\">\n\t\t\t\t\t\t\t\t\t\t\t\t\t\t\t<img fetchpriority=\"high\" decoding=\"async\" width=\"1024\" height=\"1024\" src=\"https:\/\/ape.jouarre.net\/wp-content\/uploads\/2025\/10\/tenweb_media_sqi07dnsk.webp\" class=\"attachment-full size-full wp-image-96\" alt=\"\" srcset=\"https:\/\/ape.jouarre.net\/wp-content\/uploads\/2025\/10\/tenweb_media_sqi07dnsk.webp 1024w, https:\/\/ape.jouarre.net\/wp-content\/uploads\/2025\/10\/tenweb_media_sqi07dnsk-768x768.webp 768w\" sizes=\"(max-width: 1024px) 100vw, 1024px\" \/>\t\t\t\t\t\t\t\t\t\t\t\t\t\t\t<\/div>\n\t\t<div class=\"elementor-element elementor-element-n4ey6tv4 e-con-full e-flex e-con e-parent\" data-id=\"n4ey6tv4\" data-element_type=\"container\" data-e-type=\"container\">\n\t\t\t\t<div class=\"elementor-element elementor-element-vh0yuv6n elementor-widget__width-initial elementor-widget-mobile__width-inherit elementor-widget-tablet__width-initial elementor-invisible elementor-widget elementor-widget-heading\" data-id=\"vh0yuv6n\" data-element_type=\"widget\" data-e-type=\"widget\" data-settings=\"{&quot;_animation&quot;:&quot;fadeInUp&quot;}\" data-widget_type=\"heading.default\">\n\t\t\t\t\t<h2 class=\"elementor-heading-title elementor-size-default\">Notre <em>Communaut\u00e9<\/em> en action<\/h2>\t\t\t\t<\/div>\n\t\t\t\t<div class=\"elementor-element elementor-element-19w85d5o elementor-widget__width-initial elementor-widget-mobile__width-inherit elementor-widget-tablet__width-initial elementor-invisible elementor-widget elementor-widget-text-editor\" data-id=\"19w85d5o\" data-element_type=\"widget\" data-e-type=\"widget\" data-settings=\"{&quot;_animation&quot;:&quot;fadeInUp&quot;}\" data-widget_type=\"text-editor.default\">\n\t\t\t\t\t\t\t\t\tDepuis 2005, l&rsquo;APE de Jouarre s&rsquo;engage \u00e0 renforcer le lien entre les parents et les \u00e9coles, en organisant des \u00e9v\u00e9nements, en soutenant les initiatives \u00e9tudiantes et en favorisant un environnement communautaire dynamique pour les familles et les \u00e9ducateurs.\t\t\t\t\t\t\t\t<\/div>\n\t\t<div class=\"elementor-element elementor-element-zts9c66g e-con-full e-flex e-con e-parent\" data-id=\"zts9c66g\" data-element_type=\"container\" data-e-type=\"container\">\n\t\t<div class=\"elementor-element elementor-element-bglmxgjq e-con-full e-flex e-con e-parent\" data-id=\"bglmxgjq\" data-element_type=\"container\" data-e-type=\"container\">\n\t\t\t\t<div class=\"elementor-element elementor-element-lu7nogdp elementor-widget__width-auto elementor-widget-mobile__width-auto elementor-widget-tablet__width-initial elementor-widget elementor-widget-counter\" data-id=\"lu7nogdp\" data-element_type=\"widget\" data-e-type=\"widget\" data-widget_type=\"counter.default\">\n\t\t\t\t\t\t\t<div class=\"elementor-counter\">\n\t\t\t<div class=\"elementor-counter-title\">membres actifs<\/div>\t\t\t<div class=\"elementor-counter-number-wrapper\">\n\t\t\t\t<span class=\"elementor-counter-number-prefix\"><\/span>\n\t\t\t\t<span class=\"elementor-counter-number\" data-duration=\"2000\" data-to-value=\"150\" data-from-value=\"0\">0<\/span>\n\t\t\t\t<span class=\"elementor-counter-number-suffix\"> membres<\/span>\n\t\t\t<\/div>\n\t\t<\/div>\n\t\t\t\t\t\t<\/div>\n\t\t\t\t<\/div>\n\t\t<div class=\"elementor-element elementor-element-oiyivlqc e-con-full e-flex e-con e-parent\" data-id=\"oiyivlqc\" data-element_type=\"container\" data-e-type=\"container\">\n\t\t\t\t<div class=\"elementor-element elementor-element-lbe8azur elementor-widget__width-auto elementor-widget-mobile__width-auto elementor-widget-tablet__width-initial elementor-widget elementor-widget-counter\" data-id=\"lbe8azur\" data-element_type=\"widget\" data-e-type=\"widget\" data-widget_type=\"counter.default\">\n\t\t\t\t\t\t\t<div class=\"elementor-counter\">\n\t\t\t<div class=\"elementor-counter-title\">\u00e9v\u00e9nements organis\u00e9s<\/div>\t\t\t<div class=\"elementor-counter-number-wrapper\">\n\t\t\t\t<span class=\"elementor-counter-number-prefix\"><\/span>\n\t\t\t\t<span class=\"elementor-counter-number\" data-duration=\"2000\" data-to-value=\"50\" data-from-value=\"0\">0<\/span>\n\t\t\t\t<span class=\"elementor-counter-number-suffix\"> \u00e9v\u00e9nements<\/span>\n\t\t\t<\/div>\n\t\t<\/div>\n\t\t\t\t\t\t<\/div>\n\t\t\t\t<\/div>\n\t\t\t\t<\/div>\n\t\t<div class=\"elementor-element elementor-element-3hx5p6o6 e-con-full e-flex e-con e-parent\" data-id=\"3hx5p6o6\" data-element_type=\"container\" data-e-type=\"container\">\n\t\t<div class=\"elementor-element elementor-element-f0kuyco6 e-con-full e-flex e-con e-parent\" data-id=\"f0kuyco6\" data-element_type=\"container\" data-e-type=\"container\">\n\t\t\t\t<div class=\"elementor-element elementor-element-1q6k1jmj elementor-widget__width-auto elementor-widget-mobile__width-auto elementor-widget-tablet__width-initial elementor-widget elementor-widget-counter\" data-id=\"1q6k1jmj\" data-element_type=\"widget\" data-e-type=\"widget\" data-widget_type=\"counter.default\">\n\t\t\t\t\t\t\t<div class=\"elementor-counter\">\n\t\t\t<div class=\"elementor-counter-title\">projets communautaires<\/div>\t\t\t<div class=\"elementor-counter-number-wrapper\">\n\t\t\t\t<span class=\"elementor-counter-number-prefix\"><\/span>\n\t\t\t\t<span class=\"elementor-counter-number\" data-duration=\"2000\" data-to-value=\"30\" data-from-value=\"0\">0<\/span>\n\t\t\t\t<span class=\"elementor-counter-number-suffix\"> projets<\/span>\n\t\t\t<\/div>\n\t\t<\/div>\n\t\t\t\t\t\t<\/div>\n\t\t\t\t<\/div>\n\t\t<div class=\"elementor-element elementor-element-d7qyhb0j e-con-full e-flex e-con e-parent\" data-id=\"d7qyhb0j\" data-element_type=\"container\" data-e-type=\"container\">\n\t\t\t\t<div class=\"elementor-element elementor-element-wqu9rkqz elementor-widget__width-auto elementor-widget-mobile__width-auto elementor-widget-tablet__width-initial elementor-widget elementor-widget-counter\" data-id=\"wqu9rkqz\" data-element_type=\"widget\" data-e-type=\"widget\" data-widget_type=\"counter.default\">\n\t\t\t\t\t\t\t<div class=\"elementor-counter\">\n\t\t\t<div class=\"elementor-counter-title\">ateliers et s\u00e9minaires pour les parents<\/div>\t\t\t<div class=\"elementor-counter-number-wrapper\">\n\t\t\t\t<span class=\"elementor-counter-number-prefix\"><\/span>\n\t\t\t\t<span class=\"elementor-counter-number\" data-duration=\"2000\" data-to-value=\"10\" data-from-value=\"0\">0<\/span>\n\t\t\t\t<span class=\"elementor-counter-number-suffix\"> s\u00e9minaires<\/span>\n\t\t\t<\/div>\n\t\t<\/div>\n\t\t\t\t\t\t<\/div>\n\t\t\t\t<\/div>\n\t\t\t\t<\/div>\n\t\t\t\t<\/div>\n\t\t\t\t\t<\/div>\n\t\t\t\t<\/div>\n\t\t<div class=\"elementor-element elementor-element-mie7hvug twbb_section e-con-boxed e-flex e-con e-parent\" data-id=\"mie7hvug\" data-element_type=\"container\" data-e-type=\"container\" id=\"who-are-we\">\n\t\t\t\t\t<div class=\"e-con-inner\">\n\t\t<div class=\"elementor-element elementor-element-axaqiaec e-con-full e-flex e-con e-parent\" data-id=\"axaqiaec\" data-element_type=\"container\" data-e-type=\"container\">\n\t\t\t\t<div class=\"elementor-element elementor-element-aiv56wzi elementor-widget__width-initial elementor-widget-mobile__width-inherit elementor-widget-tablet__width-initial elementor-invisible elementor-widget elementor-widget-heading\" data-id=\"aiv56wzi\" data-element_type=\"widget\" data-e-type=\"widget\" data-settings=\"{&quot;_animation&quot;:&quot;fadeInUp&quot;}\" data-widget_type=\"heading.default\">\n\t\t\t\t\t<h2 class=\"elementor-heading-title elementor-size-default\">Qui sommes-nous ?<\/h2>\t\t\t\t<\/div>\n\t\t\t\t<div class=\"elementor-element elementor-element-fv6h8h96 elementor-widget__width-initial elementor-widget-mobile__width-inherit elementor-widget-tablet__width-initial elementor-invisible elementor-widget elementor-widget-text-editor\" data-id=\"fv6h8h96\" data-element_type=\"widget\" data-e-type=\"widget\" data-settings=\"{&quot;_animation&quot;:&quot;fadeInUp&quot;}\" data-widget_type=\"text-editor.default\">\n\t\t\t\t\t\t\t\t\tFond\u00e9e en 2005, l&rsquo;APE de Jouarre est un lien essentiel entre les parents et les \u00e9coles, organisant des \u00e9v\u00e9nements, fournissant un soutien et d\u00e9fendant les int\u00e9r\u00eats des \u00e9l\u00e8ves dans la communaut\u00e9 de Jouarre. Notre mission est de promouvoir une participation parentale active au d\u00e9veloppement \u00e9ducatif et social des \u00e9l\u00e8ves, en favorisant une communaut\u00e9 collaborative qui soutient l&rsquo;apprentissage, le bien-\u00eatre et les activit\u00e9s parascolaires. Nos valeurs fondamentales sont l&rsquo;engagement communautaire, le bien-\u00eatre des \u00e9l\u00e8ves, la transparence, la collaboration et l&rsquo;inclusion. Des membres cl\u00e9s tels que Marie Dupont, notre pr\u00e9sidente, Jean-Luc Martin, vice-pr\u00e9sident, et Sophie Leroy, tr\u00e9sori\u00e8re, jouent un r\u00f4le essentiel dans l&rsquo;orientation de nos initiatives. L&rsquo;organisation fonctionne par le biais d&rsquo;un conseil d&rsquo;administration \u00e9lu et de comit\u00e9s d\u00e9di\u00e9s afin de garantir un soutien et un engagement communautaires efficaces.\t\t\t\t\t\t\t\t<\/div>\n\t\t\t\t<\/div>\n\t\t\t\t<div class=\"elementor-element elementor-element-6dryfkz4 elementor-widget__width-initial elementor-widget-mobile__width-inherit elementor-widget-tablet__width-initial elementor-widget elementor-widget-image\" data-id=\"6dryfkz4\" data-element_type=\"widget\" data-e-type=\"widget\" data-widget_type=\"image.default\">\n\t\t\t\t\t\t\t\t\t\t\t\t\t\t\t<img decoding=\"async\" width=\"1820\" height=\"1024\" src=\"https:\/\/ape.jouarre.net\/wp-content\/uploads\/2025\/10\/tenweb_media_svtmvzykk.webp\" class=\"attachment-full size-full wp-image-100\" alt=\"\" srcset=\"https:\/\/ape.jouarre.net\/wp-content\/uploads\/2025\/10\/tenweb_media_svtmvzykk.webp 1820w, https:\/\/ape.jouarre.net\/wp-content\/uploads\/2025\/10\/tenweb_media_svtmvzykk-768x432.webp 768w\" sizes=\"(max-width: 1820px) 100vw, 1820px\" \/>\t\t\t\t\t\t\t\t\t\t\t\t\t\t\t<\/div>\n\t\t\t\t\t<\/div>\n\t\t\t\t<\/div>\n\t\t\t\t<\/div>\n\t\t","protected":false},"excerpt":{"rendered":"","protected":false},"author":0,"featured_media":0,"parent":0,"menu_order":0,"comment_status":"closed","ping_status":"publish","template":"","meta":{"_price":"","_stock":"","_tribe_ticket_header":"","_tribe_default_ticket_provider":"","_tribe_ticket_capacity":"0","_ticket_start_date":"","_ticket_end_date":"","_tribe_ticket_show_description":"","_tribe_ticket_show_not_going":false,"_tribe_ticket_use_global_stock":"","_tribe_ticket_global_stock_level":"","_global_stock_mode":"","_global_stock_cap":"","_tribe_rsvp_for_event":"","_tribe_ticket_going_count":"","_tribe_ticket_not_going_count":"","_tribe_tickets_list":"[]","_tribe_ticket_has_attendee_info_fields":false,"two_page_speed":[],"footnotes":"","_tec_slr_enabled":"","_tec_slr_layout":""},"class_list":["post-106","page","type-page","status-publish","hentry"],"yoast_head":"<!-- This site is optimized with the Yoast SEO plugin v27.3 - https:\/\/yoast.com\/product\/yoast-seo-wordpress\/ -->\n<title>\u00c0 propos de nous - APE de Jouarre<\/title>\n<meta name=\"robots\" content=\"index, follow, max-snippet:-1, max-image-preview:large, max-video-preview:-1\" \/>\n<link rel=\"canonical\" href=\"https:\/\/ape.jouarre.net\/?page_id=106\" \/>\n<meta property=\"og:locale\" content=\"fr_FR\" \/>\n<meta property=\"og:type\" content=\"article\" \/>\n<meta property=\"og:title\" content=\"\u00c0 propos de nous - APE de Jouarre\" \/>\n<meta property=\"og:url\" content=\"https:\/\/ape.jouarre.net\/?page_id=106\" \/>\n<meta property=\"og:site_name\" content=\"APE de Jouarre\" \/>\n<meta property=\"article:modified_time\" content=\"2025-10-01T11:17:48+00:00\" \/>\n<meta name=\"twitter:card\" content=\"summary_large_image\" \/>\n<script type=\"application\/ld+json\" class=\"yoast-schema-graph\">{\"@context\":\"https:\\\/\\\/schema.org\",\"@graph\":[{\"@type\":\"WebPage\",\"@id\":\"https:\\\/\\\/ape.jouarre.net\\\/?page_id=106\",\"url\":\"https:\\\/\\\/ape.jouarre.net\\\/?page_id=106\",\"name\":\"\u00c0 propos de nous - APE de Jouarre\",\"isPartOf\":{\"@id\":\"https:\\\/\\\/ape.jouarre.net\\\/#website\"},\"datePublished\":\"2025-10-01T11:17:45+00:00\",\"dateModified\":\"2025-10-01T11:17:48+00:00\",\"breadcrumb\":{\"@id\":\"https:\\\/\\\/ape.jouarre.net\\\/?page_id=106#breadcrumb\"},\"inLanguage\":\"fr-FR\",\"potentialAction\":[{\"@type\":\"ReadAction\",\"target\":[\"https:\\\/\\\/ape.jouarre.net\\\/?page_id=106\"]}]},{\"@type\":\"BreadcrumbList\",\"@id\":\"https:\\\/\\\/ape.jouarre.net\\\/?page_id=106#breadcrumb\",\"itemListElement\":[{\"@type\":\"ListItem\",\"position\":1,\"name\":\"Accueil\",\"item\":\"https:\\\/\\\/ape.jouarre.net\\\/\"},{\"@type\":\"ListItem\",\"position\":2,\"name\":\"\u00c0 propos de nous\"}]},{\"@type\":\"WebSite\",\"@id\":\"https:\\\/\\\/ape.jouarre.net\\\/#website\",\"url\":\"https:\\\/\\\/ape.jouarre.net\\\/\",\"name\":\"APE de Jouarre\",\"description\":\"\",\"publisher\":{\"@id\":\"https:\\\/\\\/ape.jouarre.net\\\/#organization\"},\"potentialAction\":[{\"@type\":\"SearchAction\",\"target\":{\"@type\":\"EntryPoint\",\"urlTemplate\":\"https:\\\/\\\/ape.jouarre.net\\\/?s={search_term_string}\"},\"query-input\":{\"@type\":\"PropertyValueSpecification\",\"valueRequired\":true,\"valueName\":\"search_term_string\"}}],\"inLanguage\":\"fr-FR\"},{\"@type\":\"Organization\",\"@id\":\"https:\\\/\\\/ape.jouarre.net\\\/#organization\",\"name\":\"APE de Jouarre\",\"url\":\"https:\\\/\\\/ape.jouarre.net\\\/\",\"logo\":{\"@type\":\"ImageObject\",\"inLanguage\":\"fr-FR\",\"@id\":\"https:\\\/\\\/ape.jouarre.net\\\/#\\\/schema\\\/logo\\\/image\\\/\",\"url\":\"https:\\\/\\\/ape.jouarre.net\\\/wp-content\\\/uploads\\\/2025\\\/10\\\/cropped-Logo_APE_Jouarre_transparent.png\",\"contentUrl\":\"https:\\\/\\\/ape.jouarre.net\\\/wp-content\\\/uploads\\\/2025\\\/10\\\/cropped-Logo_APE_Jouarre_transparent.png\",\"width\":936,\"height\":936,\"caption\":\"APE de Jouarre\"},\"image\":{\"@id\":\"https:\\\/\\\/ape.jouarre.net\\\/#\\\/schema\\\/logo\\\/image\\\/\"}}]}<\/script>\n<!-- \/ Yoast SEO plugin. -->","yoast_head_json":{"title":"\u00c0 propos de nous - APE de Jouarre","robots":{"index":"index","follow":"follow","max-snippet":"max-snippet:-1","max-image-preview":"max-image-preview:large","max-video-preview":"max-video-preview:-1"},"canonical":"https:\/\/ape.jouarre.net\/?page_id=106","og_locale":"fr_FR","og_type":"article","og_title":"\u00c0 propos de nous - APE de Jouarre","og_url":"https:\/\/ape.jouarre.net\/?page_id=106","og_site_name":"APE de Jouarre","article_modified_time":"2025-10-01T11:17:48+00:00","twitter_card":"summary_large_image","schema":{"@context":"https:\/\/schema.org","@graph":[{"@type":"WebPage","@id":"https:\/\/ape.jouarre.net\/?page_id=106","url":"https:\/\/ape.jouarre.net\/?page_id=106","name":"\u00c0 propos de nous - APE de Jouarre","isPartOf":{"@id":"https:\/\/ape.jouarre.net\/#website"},"datePublished":"2025-10-01T11:17:45+00:00","dateModified":"2025-10-01T11:17:48+00:00","breadcrumb":{"@id":"https:\/\/ape.jouarre.net\/?page_id=106#breadcrumb"},"inLanguage":"fr-FR","potentialAction":[{"@type":"ReadAction","target":["https:\/\/ape.jouarre.net\/?page_id=106"]}]},{"@type":"BreadcrumbList","@id":"https:\/\/ape.jouarre.net\/?page_id=106#breadcrumb","itemListElement":[{"@type":"ListItem","position":1,"name":"Accueil","item":"https:\/\/ape.jouarre.net\/"},{"@type":"ListItem","position":2,"name":"\u00c0 propos de nous"}]},{"@type":"WebSite","@id":"https:\/\/ape.jouarre.net\/#website","url":"https:\/\/ape.jouarre.net\/","name":"APE de Jouarre","description":"","publisher":{"@id":"https:\/\/ape.jouarre.net\/#organization"},"potentialAction":[{"@type":"SearchAction","target":{"@type":"EntryPoint","urlTemplate":"https:\/\/ape.jouarre.net\/?s={search_term_string}"},"query-input":{"@type":"PropertyValueSpecification","valueRequired":true,"valueName":"search_term_string"}}],"inLanguage":"fr-FR"},{"@type":"Organization","@id":"https:\/\/ape.jouarre.net\/#organization","name":"APE de Jouarre","url":"https:\/\/ape.jouarre.net\/","logo":{"@type":"ImageObject","inLanguage":"fr-FR","@id":"https:\/\/ape.jouarre.net\/#\/schema\/logo\/image\/","url":"https:\/\/ape.jouarre.net\/wp-content\/uploads\/2025\/10\/cropped-Logo_APE_Jouarre_transparent.png","contentUrl":"https:\/\/ape.jouarre.net\/wp-content\/uploads\/2025\/10\/cropped-Logo_APE_Jouarre_transparent.png","width":936,"height":936,"caption":"APE de Jouarre"},"image":{"@id":"https:\/\/ape.jouarre.net\/#\/schema\/logo\/image\/"}}]}},"ticketed":false,"_links":{"self":[{"href":"https:\/\/ape.jouarre.net\/index.php?rest_route=\/wp\/v2\/pages\/106","targetHints":{"allow":["GET"]}}],"collection":[{"href":"https:\/\/ape.jouarre.net\/index.php?rest_route=\/wp\/v2\/pages"}],"about":[{"href":"https:\/\/ape.jouarre.net\/index.php?rest_route=\/wp\/v2\/types\/page"}],"replies":[{"embeddable":true,"href":"https:\/\/ape.jouarre.net\/index.php?rest_route=%2Fwp%2Fv2%2Fcomments&post=106"}],"version-history":[{"count":1,"href":"https:\/\/ape.jouarre.net\/index.php?rest_route=\/wp\/v2\/pages\/106\/revisions"}],"predecessor-version":[{"id":134,"href":"https:\/\/ape.jouarre.net\/index.php?rest_route=\/wp\/v2\/pages\/106\/revisions\/134"}],"wp:attachment":[{"href":"https:\/\/ape.jouarre.net\/index.php?rest_route=%2Fwp%2Fv2%2Fmedia&parent=106"}],"curies":[{"name":"wp","href":"https:\/\/api.w.org\/{rel}","templated":true}]}}