{"id":227,"date":"2025-10-01T11:40:12","date_gmt":"2025-10-01T11:40:12","guid":{"rendered":"https:\/\/ape.jouarre.net\/parents-elus\/"},"modified":"2025-10-08T15:21:58","modified_gmt":"2025-10-08T15:21:58","slug":"parents-elus","status":"publish","type":"page","link":"https:\/\/ape.jouarre.net\/?page_id=227","title":{"rendered":"Parents \u00e9lus"},"content":{"rendered":"\t\t<div data-elementor-type=\"wp-page\" data-elementor-id=\"227\" class=\"elementor elementor-227\">\n\t\t\t\t<div class=\"elementor-element elementor-element-qanji709 twbb_section e-flex e-con-boxed e-con e-parent\" data-id=\"qanji709\" data-element_type=\"container\" data-e-type=\"container\" id=\"meet-your-parent-representatives\">\n\t\t\t\t\t<div class=\"e-con-inner\">\n\t\t\t\t<div class=\"elementor-element elementor-element-l0rbkavy elementor-widget__width-initial elementor-widget-mobile__width-inherit elementor-widget-tablet__width-initial elementor-invisible elementor-widget elementor-widget-heading\" data-id=\"l0rbkavy\" data-element_type=\"widget\" data-e-type=\"widget\" data-settings=\"{&quot;_animation&quot;:&quot;fadeInUp&quot;}\" data-widget_type=\"heading.default\">\n\t\t\t\t\t<h2 class=\"elementor-heading-title elementor-size-default\">Rencontrez vos repr\u00e9sentants de parents<\/h2>\t\t\t\t<\/div>\n\t\t\t\t<div class=\"elementor-element elementor-element-f4ipga5t elementor-widget__width-initial elementor-widget-mobile__width-inherit elementor-widget-tablet__width-initial elementor-invisible elementor-widget elementor-widget-text-editor\" data-id=\"f4ipga5t\" data-element_type=\"widget\" data-e-type=\"widget\" data-settings=\"{&quot;_animation&quot;:&quot;fadeInUp&quot;}\" data-widget_type=\"text-editor.default\">\n\t\t\t\t\t\t\t\t\tVos repr\u00e9sentants de parents \u00e9lus jouent un r\u00f4le essentiel au sein de l&rsquo;APE de Jouarre, en d\u00e9fendant le bien-\u00eatre et l&rsquo;\u00e9ducation de nos enfants. Apprenez \u00e0 conna\u00eetre les personnes d\u00e9vou\u00e9es qui vous repr\u00e9sentent et qui travaillent sans rel\u00e2che pour faire prosp\u00e9rer notre communaut\u00e9 scolaire.\t\t\t\t\t\t\t\t<\/div>\n\t\t<div class=\"elementor-element elementor-element-nf0d51f0 e-con-full e-grid e-con e-child\" data-id=\"nf0d51f0\" data-element_type=\"container\" data-e-type=\"container\">\n\t\t<div class=\"elementor-element elementor-element-2ooyqk5h e-con-full e-flex e-con e-child\" data-id=\"2ooyqk5h\" data-element_type=\"container\" data-e-type=\"container\">\n\t\t\t\t<div class=\"elementor-element elementor-element-63xym51l elementor-widget__width-initial elementor-widget-mobile__width-inherit elementor-widget-tablet__width-initial elementor-widget elementor-widget-image\" data-id=\"63xym51l\" data-element_type=\"widget\" data-e-type=\"widget\" data-widget_type=\"image.default\">\n\t\t\t\t\t\t\t\t\t\t\t\t\t\t\t<img fetchpriority=\"high\" decoding=\"async\" width=\"1024\" height=\"1024\" src=\"https:\/\/ape.jouarre.net\/wp-content\/uploads\/2025\/10\/tenweb_media_s1xog5piy.webp\" class=\"attachment-full size-full wp-image-213\" alt=\"\" srcset=\"https:\/\/ape.jouarre.net\/wp-content\/uploads\/2025\/10\/tenweb_media_s1xog5piy.webp 1024w, https:\/\/ape.jouarre.net\/wp-content\/uploads\/2025\/10\/tenweb_media_s1xog5piy-768x768.webp 768w\" sizes=\"(max-width: 1024px) 100vw, 1024px\" \/>\t\t\t\t\t\t\t\t\t\t\t\t\t\t\t<\/div>\n\t\t\t\t<div class=\"elementor-element elementor-element-4ibj5zb1 elementor-widget__width-initial elementor-widget-mobile__width-inherit elementor-widget-tablet__width-initial elementor-invisible elementor-widget elementor-widget-heading\" data-id=\"4ibj5zb1\" data-element_type=\"widget\" data-e-type=\"widget\" data-settings=\"{&quot;_animation&quot;:&quot;fadeInUp&quot;}\" data-widget_type=\"heading.default\">\n\t\t\t\t\t<h5 class=\"elementor-heading-title elementor-size-default\">Aur\u00e9lie LONGATTE<\/h5>\t\t\t\t<\/div>\n\t\t\t\t<div class=\"elementor-element elementor-element-7dhnyluv elementor-widget__width-initial elementor-widget-mobile__width-inherit elementor-widget-tablet__width-initial elementor-invisible elementor-widget elementor-widget-text-editor\" data-id=\"7dhnyluv\" data-element_type=\"widget\" data-e-type=\"widget\" data-settings=\"{&quot;_animation&quot;:&quot;fadeInUp&quot;}\" data-widget_type=\"text-editor.default\">\n\t\t\t\t\t\t\t\t\t<p>Pr\u00e9sidente<\/p>\t\t\t\t\t\t\t\t<\/div>\n\t\t\t\t<div class=\"elementor-element elementor-element-dckrg6c2 elementor-widget__width-initial elementor-widget-mobile__width-inherit elementor-widget-tablet__width-initial elementor-invisible elementor-widget elementor-widget-text-editor\" data-id=\"dckrg6c2\" data-element_type=\"widget\" data-e-type=\"widget\" data-settings=\"{&quot;_animation&quot;:&quot;fadeInUp&quot;}\" data-widget_type=\"text-editor.default\">\n\t\t\t\t\t\t\t\t\t<p>Dirige l&rsquo;association, coordonne les activit\u00e9s et repr\u00e9sente les int\u00e9r\u00eats des parents aupr\u00e8s de l&rsquo;administration scolaire.<\/p>\t\t\t\t\t\t\t\t<\/div>\n\t\t\t\t<div class=\"elementor-element elementor-element-iq2zb7w0 elementor-widget__width-initial elementor-widget-mobile__width-inherit elementor-widget-tablet__width-initial e-grid-align-mobile-center elementor-shape-rounded elementor-grid-0 e-grid-align-center elementor-widget elementor-widget-social-icons\" data-id=\"iq2zb7w0\" data-element_type=\"widget\" data-e-type=\"widget\" data-widget_type=\"social-icons.default\">\n\t\t\t\t\t\t\t<div class=\"elementor-social-icons-wrapper elementor-grid\" role=\"list\">\n\t\t\t\t\t\t\t<span class=\"elementor-grid-item\" role=\"listitem\">\n\t\t\t\t\t<a class=\"elementor-icon elementor-social-icon elementor-social-icon-phone-alt elementor-animation-hang elementor-repeater-item-edc84b4\" href=\"tel:+33660378501\" target=\"_blank\">\n\t\t\t\t\t\t<span class=\"elementor-screen-only\">Phone-alt<\/span>\n\t\t\t\t\t\t<svg aria-hidden=\"true\" class=\"e-font-icon-svg e-fas-phone-alt\" viewBox=\"0 0 512 512\" xmlns=\"http:\/\/www.w3.org\/2000\/svg\"><path d=\"M497.39 361.8l-112-48a24 24 0 0 0-28 6.9l-49.6 60.6A370.66 370.66 0 0 1 130.6 204.11l60.6-49.6a23.94 23.94 0 0 0 6.9-28l-48-112A24.16 24.16 0 0 0 122.6.61l-104 24A24 24 0 0 0 0 48c0 256.5 207.9 464 464 464a24 24 0 0 0 23.4-18.6l24-104a24.29 24.29 0 0 0-14.01-27.6z\"><\/path><\/svg>\t\t\t\t\t<\/a>\n\t\t\t\t<\/span>\n\t\t\t\t\t\t\t<span class=\"elementor-grid-item\" role=\"listitem\">\n\t\t\t\t\t<a class=\"elementor-icon elementor-social-icon elementor-social-icon-envelope elementor-animation-hang elementor-repeater-item-cefd4d4\" href=\"mailto:apejouarre@gmail.com?subject=SITE%20-%20Mail%20\u00e0%20l%27attention%20de%20Mme%20LONGATTE\" target=\"_blank\">\n\t\t\t\t\t\t<span class=\"elementor-screen-only\">Envelope<\/span>\n\t\t\t\t\t\t<svg aria-hidden=\"true\" class=\"e-font-icon-svg e-far-envelope\" viewBox=\"0 0 512 512\" xmlns=\"http:\/\/www.w3.org\/2000\/svg\"><path d=\"M464 64H48C21.49 64 0 85.49 0 112v288c0 26.51 21.49 48 48 48h416c26.51 0 48-21.49 48-48V112c0-26.51-21.49-48-48-48zm0 48v40.805c-22.422 18.259-58.168 46.651-134.587 106.49-16.841 13.247-50.201 45.072-73.413 44.701-23.208.375-56.579-31.459-73.413-44.701C106.18 199.465 70.425 171.067 48 152.805V112h416zM48 400V214.398c22.914 18.251 55.409 43.862 104.938 82.646 21.857 17.205 60.134 55.186 103.062 54.955 42.717.231 80.509-37.199 103.053-54.947 49.528-38.783 82.032-64.401 104.947-82.653V400H48z\"><\/path><\/svg>\t\t\t\t\t<\/a>\n\t\t\t\t<\/span>\n\t\t\t\t\t<\/div>\n\t\t\t\t\t\t<\/div>\n\t\t\t\t<\/div>\n\t\t<div class=\"elementor-element elementor-element-sipkxux7 e-con-full e-flex e-con e-child\" data-id=\"sipkxux7\" data-element_type=\"container\" data-e-type=\"container\">\n\t\t\t\t<div class=\"elementor-element elementor-element-9u1w2btc elementor-widget__width-initial elementor-widget-mobile__width-inherit elementor-widget-tablet__width-initial elementor-widget elementor-widget-image\" data-id=\"9u1w2btc\" data-element_type=\"widget\" data-e-type=\"widget\" data-widget_type=\"image.default\">\n\t\t\t\t\t\t\t\t\t\t\t\t\t\t\t<img decoding=\"async\" width=\"1024\" height=\"1024\" src=\"https:\/\/ape.jouarre.net\/wp-content\/uploads\/2025\/10\/tenweb_media_s8ldno3fo.webp\" class=\"attachment-full size-full wp-image-211\" alt=\"\" srcset=\"https:\/\/ape.jouarre.net\/wp-content\/uploads\/2025\/10\/tenweb_media_s8ldno3fo.webp 1024w, https:\/\/ape.jouarre.net\/wp-content\/uploads\/2025\/10\/tenweb_media_s8ldno3fo-768x768.webp 768w\" sizes=\"(max-width: 1024px) 100vw, 1024px\" \/>\t\t\t\t\t\t\t\t\t\t\t\t\t\t\t<\/div>\n\t\t\t\t<div class=\"elementor-element elementor-element-ht44w1uu elementor-widget__width-initial elementor-widget-mobile__width-inherit elementor-widget-tablet__width-initial elementor-invisible elementor-widget elementor-widget-heading\" data-id=\"ht44w1uu\" data-element_type=\"widget\" data-e-type=\"widget\" data-settings=\"{&quot;_animation&quot;:&quot;fadeInUp&quot;}\" data-widget_type=\"heading.default\">\n\t\t\t\t\t<h5 class=\"elementor-heading-title elementor-size-default\">Morane BAUDRIER<\/h5>\t\t\t\t<\/div>\n\t\t\t\t<div class=\"elementor-element elementor-element-h0s4s3zu elementor-widget__width-initial elementor-widget-mobile__width-inherit elementor-widget-tablet__width-initial elementor-invisible elementor-widget elementor-widget-text-editor\" data-id=\"h0s4s3zu\" data-element_type=\"widget\" data-e-type=\"widget\" data-settings=\"{&quot;_animation&quot;:&quot;fadeInUp&quot;}\" data-widget_type=\"text-editor.default\">\n\t\t\t\t\t\t\t\t\t<p><span style=\"font-family: Montserrat, sans-serif; font-size: 14px; font-style: normal; font-weight: 400;\">Tr\u00e9sori\u00e8re<\/span><\/p>\t\t\t\t\t\t\t\t<\/div>\n\t\t\t\t<div class=\"elementor-element elementor-element-zvqivjbh elementor-widget__width-initial elementor-widget-mobile__width-inherit elementor-widget-tablet__width-initial elementor-invisible elementor-widget elementor-widget-text-editor\" data-id=\"zvqivjbh\" data-element_type=\"widget\" data-e-type=\"widget\" data-settings=\"{&quot;_animation&quot;:&quot;fadeInUp&quot;}\" data-widget_type=\"text-editor.default\">\n\t\t\t\t\t\t\t\t\t<p>G\u00e8re les finances de l\u2019association et assure la transparence de toutes les questions financi\u00e8res.<\/p>\t\t\t\t\t\t\t\t<\/div>\n\t\t\t\t<div class=\"elementor-element elementor-element-858d0d8 elementor-widget__width-initial elementor-widget-mobile__width-inherit elementor-widget-tablet__width-initial e-grid-align-mobile-center elementor-shape-rounded elementor-grid-0 e-grid-align-center elementor-widget elementor-widget-social-icons\" data-id=\"858d0d8\" data-element_type=\"widget\" data-e-type=\"widget\" data-widget_type=\"social-icons.default\">\n\t\t\t\t\t\t\t<div class=\"elementor-social-icons-wrapper elementor-grid\">\n\t\t\t\t\t\t\t<span class=\"elementor-grid-item\">\n\t\t\t\t\t<a class=\"elementor-icon elementor-social-icon elementor-social-icon-envelope elementor-animation-hang elementor-repeater-item-cefd4d4\" href=\"mailto:apejouarre@gmail.com?subject=SITE%20-%20Mail%20\u00e0%20l%27attention%20de%20Mme%20BAUDRIER\" target=\"_blank\">\n\t\t\t\t\t\t<span class=\"elementor-screen-only\">Envelope<\/span>\n\t\t\t\t\t\t<svg aria-hidden=\"true\" class=\"e-font-icon-svg e-far-envelope\" viewBox=\"0 0 512 512\" xmlns=\"http:\/\/www.w3.org\/2000\/svg\"><path d=\"M464 64H48C21.49 64 0 85.49 0 112v288c0 26.51 21.49 48 48 48h416c26.51 0 48-21.49 48-48V112c0-26.51-21.49-48-48-48zm0 48v40.805c-22.422 18.259-58.168 46.651-134.587 106.49-16.841 13.247-50.201 45.072-73.413 44.701-23.208.375-56.579-31.459-73.413-44.701C106.18 199.465 70.425 171.067 48 152.805V112h416zM48 400V214.398c22.914 18.251 55.409 43.862 104.938 82.646 21.857 17.205 60.134 55.186 103.062 54.955 42.717.231 80.509-37.199 103.053-54.947 49.528-38.783 82.032-64.401 104.947-82.653V400H48z\"><\/path><\/svg>\t\t\t\t\t<\/a>\n\t\t\t\t<\/span>\n\t\t\t\t\t<\/div>\n\t\t\t\t\t\t<\/div>\n\t\t\t\t<\/div>\n\t\t<div class=\"elementor-element elementor-element-pxci3zg0 e-con-full e-transform e-flex e-con e-child\" data-id=\"pxci3zg0\" data-element_type=\"container\" data-e-type=\"container\" data-settings=\"{&quot;_transform_translateX_effect&quot;:{&quot;unit&quot;:&quot;px&quot;,&quot;size&quot;:321,&quot;sizes&quot;:[]},&quot;_transform_translateX_effect_tablet&quot;:{&quot;unit&quot;:&quot;px&quot;,&quot;size&quot;:&quot;&quot;,&quot;sizes&quot;:[]},&quot;_transform_translateX_effect_mobile&quot;:{&quot;unit&quot;:&quot;px&quot;,&quot;size&quot;:&quot;&quot;,&quot;sizes&quot;:[]},&quot;_transform_translateY_effect&quot;:{&quot;unit&quot;:&quot;px&quot;,&quot;size&quot;:&quot;&quot;,&quot;sizes&quot;:[]},&quot;_transform_translateY_effect_tablet&quot;:{&quot;unit&quot;:&quot;px&quot;,&quot;size&quot;:&quot;&quot;,&quot;sizes&quot;:[]},&quot;_transform_translateY_effect_mobile&quot;:{&quot;unit&quot;:&quot;px&quot;,&quot;size&quot;:&quot;&quot;,&quot;sizes&quot;:[]}}\">\n\t\t\t\t<div class=\"elementor-element elementor-element-z1zhboau elementor-widget__width-initial elementor-widget-mobile__width-inherit elementor-widget-tablet__width-initial elementor-widget elementor-widget-image\" data-id=\"z1zhboau\" data-element_type=\"widget\" data-e-type=\"widget\" data-widget_type=\"image.default\">\n\t\t\t\t\t\t\t\t\t\t\t\t\t\t\t<img decoding=\"async\" width=\"1024\" height=\"1024\" src=\"https:\/\/ape.jouarre.net\/wp-content\/uploads\/2025\/10\/tenweb_media_svlcktqva.webp\" class=\"attachment-full size-full wp-image-210\" alt=\"\" srcset=\"https:\/\/ape.jouarre.net\/wp-content\/uploads\/2025\/10\/tenweb_media_svlcktqva.webp 1024w, https:\/\/ape.jouarre.net\/wp-content\/uploads\/2025\/10\/tenweb_media_svlcktqva-768x768.webp 768w\" sizes=\"(max-width: 1024px) 100vw, 1024px\" \/>\t\t\t\t\t\t\t\t\t\t\t\t\t\t\t<\/div>\n\t\t\t\t<div class=\"elementor-element elementor-element-u549jccs elementor-widget__width-initial elementor-widget-mobile__width-inherit elementor-widget-tablet__width-initial elementor-invisible elementor-widget elementor-widget-heading\" data-id=\"u549jccs\" data-element_type=\"widget\" data-e-type=\"widget\" data-settings=\"{&quot;_animation&quot;:&quot;fadeInUp&quot;}\" data-widget_type=\"heading.default\">\n\t\t\t\t\t<h5 class=\"elementor-heading-title elementor-size-default\">J\u00e9rome BASTARAUD<\/h5>\t\t\t\t<\/div>\n\t\t\t\t<div class=\"elementor-element elementor-element-ci065i2j elementor-widget__width-initial elementor-widget-mobile__width-inherit elementor-widget-tablet__width-initial elementor-invisible elementor-widget elementor-widget-text-editor\" data-id=\"ci065i2j\" data-element_type=\"widget\" data-e-type=\"widget\" data-settings=\"{&quot;_animation&quot;:&quot;fadeInUp&quot;}\" data-widget_type=\"text-editor.default\">\n\t\t\t\t\t\t\t\t\t<p>Secr\u00e9taire<\/p>\t\t\t\t\t\t\t\t<\/div>\n\t\t\t\t<div class=\"elementor-element elementor-element-5wyd29up elementor-widget__width-initial elementor-widget-mobile__width-inherit elementor-widget-tablet__width-initial elementor-invisible elementor-widget elementor-widget-text-editor\" data-id=\"5wyd29up\" data-element_type=\"widget\" data-e-type=\"widget\" data-settings=\"{&quot;_animation&quot;:&quot;fadeInUp&quot;}\" data-widget_type=\"text-editor.default\">\n\t\t\t\t\t\t\t\t\t<p>G\u00e8re toutes les t\u00e2ches administratives et assure la tenue pr\u00e9cise des registres de l\u2019association.<\/p>\t\t\t\t\t\t\t\t<\/div>\n\t\t\t\t<div class=\"elementor-element elementor-element-3842497 elementor-widget__width-initial elementor-widget-mobile__width-inherit elementor-widget-tablet__width-initial e-grid-align-mobile-center elementor-shape-rounded elementor-grid-0 e-grid-align-center elementor-widget elementor-widget-social-icons\" data-id=\"3842497\" data-element_type=\"widget\" data-e-type=\"widget\" data-widget_type=\"social-icons.default\">\n\t\t\t\t\t\t\t<div class=\"elementor-social-icons-wrapper elementor-grid\">\n\t\t\t\t\t\t\t<span class=\"elementor-grid-item\">\n\t\t\t\t\t<a class=\"elementor-icon elementor-social-icon elementor-social-icon-envelope elementor-animation-hang elementor-repeater-item-cefd4d4\" href=\"mailto:apejouarre@gmail.com?subject=SITE%20-%20Mail%20\u00e0%20l%27attention%20de%20Mr.%20BASTARAUD\" rel=\"nofollow\">\n\t\t\t\t\t\t<span class=\"elementor-screen-only\">Envelope<\/span>\n\t\t\t\t\t\t<svg aria-hidden=\"true\" class=\"e-font-icon-svg e-far-envelope\" viewBox=\"0 0 512 512\" xmlns=\"http:\/\/www.w3.org\/2000\/svg\"><path d=\"M464 64H48C21.49 64 0 85.49 0 112v288c0 26.51 21.49 48 48 48h416c26.51 0 48-21.49 48-48V112c0-26.51-21.49-48-48-48zm0 48v40.805c-22.422 18.259-58.168 46.651-134.587 106.49-16.841 13.247-50.201 45.072-73.413 44.701-23.208.375-56.579-31.459-73.413-44.701C106.18 199.465 70.425 171.067 48 152.805V112h416zM48 400V214.398c22.914 18.251 55.409 43.862 104.938 82.646 21.857 17.205 60.134 55.186 103.062 54.955 42.717.231 80.509-37.199 103.053-54.947 49.528-38.783 82.032-64.401 104.947-82.653V400H48z\"><\/path><\/svg>\t\t\t\t\t<\/a>\n\t\t\t\t<\/span>\n\t\t\t\t\t<\/div>\n\t\t\t\t\t\t<\/div>\n\t\t\t\t<\/div>\n\t\t\t\t<\/div>\n\t\t\t\t\t<\/div>\n\t\t\t\t<\/div>\n\t\t\t\t<\/div>\n\t\t","protected":false},"excerpt":{"rendered":"<p>Rencontrez vos repr\u00e9sentants de parents Vos repr\u00e9sentants de parents \u00e9lus jouent un r\u00f4le essentiel au sein de l&rsquo;APE de Jouarre, en d\u00e9fendant le bien-\u00eatre et l&rsquo;\u00e9ducation de nos enfants. Apprenez [&hellip;]<\/p>\n","protected":false},"author":0,"featured_media":0,"parent":0,"menu_order":0,"comment_status":"closed","ping_status":"publish","template":"","meta":{"_price":"","_stock":"","_tribe_ticket_header":"","_tribe_default_ticket_provider":"","_tribe_ticket_capacity":"0","_ticket_start_date":"","_ticket_end_date":"","_tribe_ticket_show_description":"","_tribe_ticket_show_not_going":false,"_tribe_ticket_use_global_stock":"","_tribe_ticket_global_stock_level":"","_global_stock_mode":"","_global_stock_cap":"","_tribe_rsvp_for_event":"","_tribe_ticket_going_count":"","_tribe_ticket_not_going_count":"","_tribe_tickets_list":"[]","_tribe_ticket_has_attendee_info_fields":false,"two_page_speed":[],"footnotes":"","_tec_slr_enabled":"","_tec_slr_layout":""},"class_list":["post-227","page","type-page","status-publish","hentry"],"yoast_head":"<!-- This site is optimized with the Yoast SEO plugin v27.3 - https:\/\/yoast.com\/product\/yoast-seo-wordpress\/ -->\n<title>Parents \u00e9lus - APE de Jouarre<\/title>\n<meta name=\"robots\" content=\"index, follow, max-snippet:-1, max-image-preview:large, max-video-preview:-1\" \/>\n<link rel=\"canonical\" href=\"https:\/\/ape.jouarre.net\/?page_id=227\" \/>\n<meta property=\"og:locale\" content=\"fr_FR\" \/>\n<meta property=\"og:type\" content=\"article\" \/>\n<meta property=\"og:title\" content=\"Parents \u00e9lus - APE de Jouarre\" \/>\n<meta property=\"og:description\" content=\"Rencontrez vos repr\u00e9sentants de parents Vos repr\u00e9sentants de parents \u00e9lus jouent un r\u00f4le essentiel au sein de l&rsquo;APE de Jouarre, en d\u00e9fendant le bien-\u00eatre et l&rsquo;\u00e9ducation de nos enfants. Apprenez [&hellip;]\" \/>\n<meta property=\"og:url\" content=\"https:\/\/ape.jouarre.net\/?page_id=227\" \/>\n<meta property=\"og:site_name\" content=\"APE de Jouarre\" \/>\n<meta property=\"article:modified_time\" content=\"2025-10-08T15:21:58+00:00\" \/>\n<meta property=\"og:image\" content=\"https:\/\/ape.jouarre.net\/wp-content\/uploads\/2025\/10\/tenweb_media_s1xog5piy.webp\" \/>\n<meta name=\"twitter:card\" content=\"summary_large_image\" \/>\n<meta name=\"twitter:label1\" content=\"Dur\u00e9e de lecture estim\u00e9e\" \/>\n\t<meta name=\"twitter:data1\" content=\"1 minute\" \/>\n<script type=\"application\/ld+json\" class=\"yoast-schema-graph\">{\"@context\":\"https:\\\/\\\/schema.org\",\"@graph\":[{\"@type\":\"WebPage\",\"@id\":\"https:\\\/\\\/ape.jouarre.net\\\/?page_id=227\",\"url\":\"https:\\\/\\\/ape.jouarre.net\\\/?page_id=227\",\"name\":\"Parents \u00e9lus - APE de Jouarre\",\"isPartOf\":{\"@id\":\"https:\\\/\\\/ape.jouarre.net\\\/#website\"},\"primaryImageOfPage\":{\"@id\":\"https:\\\/\\\/ape.jouarre.net\\\/?page_id=227#primaryimage\"},\"image\":{\"@id\":\"https:\\\/\\\/ape.jouarre.net\\\/?page_id=227#primaryimage\"},\"thumbnailUrl\":\"https:\\\/\\\/ape.jouarre.net\\\/wp-content\\\/uploads\\\/2025\\\/10\\\/tenweb_media_s1xog5piy.webp\",\"datePublished\":\"2025-10-01T11:40:12+00:00\",\"dateModified\":\"2025-10-08T15:21:58+00:00\",\"breadcrumb\":{\"@id\":\"https:\\\/\\\/ape.jouarre.net\\\/?page_id=227#breadcrumb\"},\"inLanguage\":\"fr-FR\",\"potentialAction\":[{\"@type\":\"ReadAction\",\"target\":[\"https:\\\/\\\/ape.jouarre.net\\\/?page_id=227\"]}]},{\"@type\":\"ImageObject\",\"inLanguage\":\"fr-FR\",\"@id\":\"https:\\\/\\\/ape.jouarre.net\\\/?page_id=227#primaryimage\",\"url\":\"https:\\\/\\\/ape.jouarre.net\\\/wp-content\\\/uploads\\\/2025\\\/10\\\/tenweb_media_s1xog5piy.webp\",\"contentUrl\":\"https:\\\/\\\/ape.jouarre.net\\\/wp-content\\\/uploads\\\/2025\\\/10\\\/tenweb_media_s1xog5piy.webp\",\"width\":1024,\"height\":1024},{\"@type\":\"BreadcrumbList\",\"@id\":\"https:\\\/\\\/ape.jouarre.net\\\/?page_id=227#breadcrumb\",\"itemListElement\":[{\"@type\":\"ListItem\",\"position\":1,\"name\":\"Accueil\",\"item\":\"https:\\\/\\\/ape.jouarre.net\\\/\"},{\"@type\":\"ListItem\",\"position\":2,\"name\":\"Parents \u00e9lus\"}]},{\"@type\":\"WebSite\",\"@id\":\"https:\\\/\\\/ape.jouarre.net\\\/#website\",\"url\":\"https:\\\/\\\/ape.jouarre.net\\\/\",\"name\":\"APE de Jouarre\",\"description\":\"\",\"publisher\":{\"@id\":\"https:\\\/\\\/ape.jouarre.net\\\/#organization\"},\"potentialAction\":[{\"@type\":\"SearchAction\",\"target\":{\"@type\":\"EntryPoint\",\"urlTemplate\":\"https:\\\/\\\/ape.jouarre.net\\\/?s={search_term_string}\"},\"query-input\":{\"@type\":\"PropertyValueSpecification\",\"valueRequired\":true,\"valueName\":\"search_term_string\"}}],\"inLanguage\":\"fr-FR\"},{\"@type\":\"Organization\",\"@id\":\"https:\\\/\\\/ape.jouarre.net\\\/#organization\",\"name\":\"APE de Jouarre\",\"url\":\"https:\\\/\\\/ape.jouarre.net\\\/\",\"logo\":{\"@type\":\"ImageObject\",\"inLanguage\":\"fr-FR\",\"@id\":\"https:\\\/\\\/ape.jouarre.net\\\/#\\\/schema\\\/logo\\\/image\\\/\",\"url\":\"https:\\\/\\\/ape.jouarre.net\\\/wp-content\\\/uploads\\\/2025\\\/10\\\/cropped-Logo_APE_Jouarre_transparent.png\",\"contentUrl\":\"https:\\\/\\\/ape.jouarre.net\\\/wp-content\\\/uploads\\\/2025\\\/10\\\/cropped-Logo_APE_Jouarre_transparent.png\",\"width\":936,\"height\":936,\"caption\":\"APE de Jouarre\"},\"image\":{\"@id\":\"https:\\\/\\\/ape.jouarre.net\\\/#\\\/schema\\\/logo\\\/image\\\/\"}}]}<\/script>\n<!-- \/ Yoast SEO plugin. -->","yoast_head_json":{"title":"Parents \u00e9lus - APE de Jouarre","robots":{"index":"index","follow":"follow","max-snippet":"max-snippet:-1","max-image-preview":"max-image-preview:large","max-video-preview":"max-video-preview:-1"},"canonical":"https:\/\/ape.jouarre.net\/?page_id=227","og_locale":"fr_FR","og_type":"article","og_title":"Parents \u00e9lus - APE de Jouarre","og_description":"Rencontrez vos repr\u00e9sentants de parents Vos repr\u00e9sentants de parents \u00e9lus jouent un r\u00f4le essentiel au sein de l&rsquo;APE de Jouarre, en d\u00e9fendant le bien-\u00eatre et l&rsquo;\u00e9ducation de nos enfants. Apprenez [&hellip;]","og_url":"https:\/\/ape.jouarre.net\/?page_id=227","og_site_name":"APE de Jouarre","article_modified_time":"2025-10-08T15:21:58+00:00","og_image":[{"url":"https:\/\/ape.jouarre.net\/wp-content\/uploads\/2025\/10\/tenweb_media_s1xog5piy.webp","type":"","width":"","height":""}],"twitter_card":"summary_large_image","twitter_misc":{"Dur\u00e9e de lecture estim\u00e9e":"1 minute"},"schema":{"@context":"https:\/\/schema.org","@graph":[{"@type":"WebPage","@id":"https:\/\/ape.jouarre.net\/?page_id=227","url":"https:\/\/ape.jouarre.net\/?page_id=227","name":"Parents \u00e9lus - APE de Jouarre","isPartOf":{"@id":"https:\/\/ape.jouarre.net\/#website"},"primaryImageOfPage":{"@id":"https:\/\/ape.jouarre.net\/?page_id=227#primaryimage"},"image":{"@id":"https:\/\/ape.jouarre.net\/?page_id=227#primaryimage"},"thumbnailUrl":"https:\/\/ape.jouarre.net\/wp-content\/uploads\/2025\/10\/tenweb_media_s1xog5piy.webp","datePublished":"2025-10-01T11:40:12+00:00","dateModified":"2025-10-08T15:21:58+00:00","breadcrumb":{"@id":"https:\/\/ape.jouarre.net\/?page_id=227#breadcrumb"},"inLanguage":"fr-FR","potentialAction":[{"@type":"ReadAction","target":["https:\/\/ape.jouarre.net\/?page_id=227"]}]},{"@type":"ImageObject","inLanguage":"fr-FR","@id":"https:\/\/ape.jouarre.net\/?page_id=227#primaryimage","url":"https:\/\/ape.jouarre.net\/wp-content\/uploads\/2025\/10\/tenweb_media_s1xog5piy.webp","contentUrl":"https:\/\/ape.jouarre.net\/wp-content\/uploads\/2025\/10\/tenweb_media_s1xog5piy.webp","width":1024,"height":1024},{"@type":"BreadcrumbList","@id":"https:\/\/ape.jouarre.net\/?page_id=227#breadcrumb","itemListElement":[{"@type":"ListItem","position":1,"name":"Accueil","item":"https:\/\/ape.jouarre.net\/"},{"@type":"ListItem","position":2,"name":"Parents \u00e9lus"}]},{"@type":"WebSite","@id":"https:\/\/ape.jouarre.net\/#website","url":"https:\/\/ape.jouarre.net\/","name":"APE de Jouarre","description":"","publisher":{"@id":"https:\/\/ape.jouarre.net\/#organization"},"potentialAction":[{"@type":"SearchAction","target":{"@type":"EntryPoint","urlTemplate":"https:\/\/ape.jouarre.net\/?s={search_term_string}"},"query-input":{"@type":"PropertyValueSpecification","valueRequired":true,"valueName":"search_term_string"}}],"inLanguage":"fr-FR"},{"@type":"Organization","@id":"https:\/\/ape.jouarre.net\/#organization","name":"APE de Jouarre","url":"https:\/\/ape.jouarre.net\/","logo":{"@type":"ImageObject","inLanguage":"fr-FR","@id":"https:\/\/ape.jouarre.net\/#\/schema\/logo\/image\/","url":"https:\/\/ape.jouarre.net\/wp-content\/uploads\/2025\/10\/cropped-Logo_APE_Jouarre_transparent.png","contentUrl":"https:\/\/ape.jouarre.net\/wp-content\/uploads\/2025\/10\/cropped-Logo_APE_Jouarre_transparent.png","width":936,"height":936,"caption":"APE de Jouarre"},"image":{"@id":"https:\/\/ape.jouarre.net\/#\/schema\/logo\/image\/"}}]}},"ticketed":false,"_links":{"self":[{"href":"https:\/\/ape.jouarre.net\/index.php?rest_route=\/wp\/v2\/pages\/227","targetHints":{"allow":["GET"]}}],"collection":[{"href":"https:\/\/ape.jouarre.net\/index.php?rest_route=\/wp\/v2\/pages"}],"about":[{"href":"https:\/\/ape.jouarre.net\/index.php?rest_route=\/wp\/v2\/types\/page"}],"replies":[{"embeddable":true,"href":"https:\/\/ape.jouarre.net\/index.php?rest_route=%2Fwp%2Fv2%2Fcomments&post=227"}],"version-history":[{"count":37,"href":"https:\/\/ape.jouarre.net\/index.php?rest_route=\/wp\/v2\/pages\/227\/revisions"}],"predecessor-version":[{"id":520,"href":"https:\/\/ape.jouarre.net\/index.php?rest_route=\/wp\/v2\/pages\/227\/revisions\/520"}],"wp:attachment":[{"href":"https:\/\/ape.jouarre.net\/index.php?rest_route=%2Fwp%2Fv2%2Fmedia&parent=227"}],"curies":[{"name":"wp","href":"https:\/\/api.w.org\/{rel}","templated":true}]}}