{"id":229,"date":"2025-10-01T11:40:12","date_gmt":"2025-10-01T11:40:12","guid":{"rendered":"https:\/\/ape.jouarre.net\/evenements\/"},"modified":"2025-10-01T11:40:14","modified_gmt":"2025-10-01T11:40:14","slug":"evenements","status":"publish","type":"page","link":"https:\/\/ape.jouarre.net\/?page_id=229","title":{"rendered":"\u00c9v\u00e9nements"},"content":{"rendered":"\t\t<div data-elementor-type=\"wp-page\" data-elementor-id=\"229\" class=\"elementor elementor-229\">\n\t\t\t\t<div class=\"elementor-element elementor-element-54p9agb4 twbb_section e-con-boxed e-flex e-con e-parent\" data-id=\"54p9agb4\" data-element_type=\"container\" data-e-type=\"container\" id=\"upcoming-events\">\n\t\t\t\t\t<div class=\"e-con-inner\">\n\t\t\t\t<div class=\"elementor-element elementor-element-oesbc67j elementor-widget__width-initial elementor-widget-mobile__width-inherit elementor-widget-tablet__width-initial elementor-invisible elementor-widget elementor-widget-heading\" data-id=\"oesbc67j\" data-element_type=\"widget\" data-e-type=\"widget\" data-settings=\"{&quot;_animation&quot;:&quot;fadeInUp&quot;}\" data-widget_type=\"heading.default\">\n\t\t\t\t\t<h2 class=\"elementor-heading-title elementor-size-default\">\u00c9v\u00e9nements \u00e0 venir<\/h2>\t\t\t\t<\/div>\n\t\t\t\t<div class=\"elementor-element elementor-element-3ofd4ogv elementor-widget__width-initial elementor-widget-mobile__width-inherit elementor-widget-tablet__width-initial elementor-grid-3 elementor-posts--thumbnail-mobile-top twbb_slider_options_changed-default elementor-grid-tablet-2 elementor-grid-mobile-1 elementor-posts--thumbnail-top elementor-posts--thumbnail-tablet-top twbb-post__badge-onimage_no twbb-posts-image-animation_zoom-in twbb-posts-image-animation-duration-fast twbb-posts--fullHeight_no twbb-post__badge-align-left elementor-widget elementor-widget-tenweb-posts\" data-id=\"3ofd4ogv\" data-element_type=\"widget\" data-e-type=\"widget\" data-settings=\"{&quot;classic_columns&quot;:&quot;3&quot;,&quot;classic_thumbnail_mobile&quot;:&quot;top&quot;,&quot;classic_slides_view&quot;:&quot;no&quot;,&quot;classic_columns_tablet&quot;:&quot;2&quot;,&quot;classic_columns_mobile&quot;:&quot;1&quot;,&quot;classic_thumbnail&quot;:&quot;top&quot;,&quot;classic_thumbnail_tablet&quot;:&quot;top&quot;,&quot;classic_column_gap&quot;:{&quot;unit&quot;:&quot;px&quot;,&quot;size&quot;:30,&quot;sizes&quot;:[]},&quot;classic_column_gap_tablet&quot;:{&quot;unit&quot;:&quot;px&quot;,&quot;size&quot;:&quot;&quot;,&quot;sizes&quot;:[]},&quot;classic_column_gap_mobile&quot;:{&quot;unit&quot;:&quot;px&quot;,&quot;size&quot;:&quot;&quot;,&quot;sizes&quot;:[]},&quot;classic_row_gap&quot;:{&quot;unit&quot;:&quot;px&quot;,&quot;size&quot;:35,&quot;sizes&quot;:[]},&quot;classic_row_gap_tablet&quot;:{&quot;unit&quot;:&quot;px&quot;,&quot;size&quot;:&quot;&quot;,&quot;sizes&quot;:[]},&quot;classic_row_gap_mobile&quot;:{&quot;unit&quot;:&quot;px&quot;,&quot;size&quot;:&quot;&quot;,&quot;sizes&quot;:[]}}\" data-widget_type=\"tenweb-posts.classic\">\n\t\t\t\t<div class=\"elementor-widget-container\">\n\t\t\t\t\t            <div data-skin=\"classic \" class=\"elementor-posts-container elementor-posts elementor-posts--skin-classic elementor-grid\">\n            \t\t<article class=\"elementor-post elementor-grid-item post-224 post type-post status-publish format-standard has-post-thumbnail hentry category-events\">\n\t\t        <div class=\"twbb-image-container\">\n                        <a class=\"elementor-post__thumbnail__link\" href=\"https:\/\/ape.jouarre.net\/?p=224\" tabindex=\"-1\" >\n                <div class=\"elementor-post__thumbnail\"><img fetchpriority=\"high\" decoding=\"async\" width=\"300\" height=\"169\" src=\"https:\/\/ape.jouarre.net\/wp-content\/uploads\/2025\/10\/tenweb_media_slqyrraem-300x169.webp\" class=\"attachment-medium size-medium wp-image-199\" alt=\"\" srcset=\"https:\/\/ape.jouarre.net\/wp-content\/uploads\/2025\/10\/tenweb_media_slqyrraem-300x169.webp 300w, https:\/\/ape.jouarre.net\/wp-content\/uploads\/2025\/10\/tenweb_media_slqyrraem-1024x576.webp 1024w, https:\/\/ape.jouarre.net\/wp-content\/uploads\/2025\/10\/tenweb_media_slqyrraem-768x432.webp 768w, https:\/\/ape.jouarre.net\/wp-content\/uploads\/2025\/10\/tenweb_media_slqyrraem-1536x864.webp 1536w, https:\/\/ape.jouarre.net\/wp-content\/uploads\/2025\/10\/tenweb_media_slqyrraem-600x338.webp 600w, https:\/\/ape.jouarre.net\/wp-content\/uploads\/2025\/10\/tenweb_media_slqyrraem.webp 1820w\" sizes=\"(max-width: 300px) 100vw, 300px\" \/><\/div>\n            <\/a>\n                    <\/div>\n\t\t\t\t<div class=\"elementor-post__text\">\n\t\t        <div class=\"twbb-post__badge-container\">\n          <a class=\"twbb-post__badge-link\" href=\"https:\/\/ape.jouarre.net\/?cat=3\" alt=\"\u00c9v\u00e9nements\">\n            <div class=\"elementor-post__badge\">\u00c9v\u00e9nements<\/div>\n          <\/a>\n        <\/div>\n        \t\t<h5 class=\"elementor-post__title\">\n\t\t\t<a href=\"https:\/\/ape.jouarre.net\/?p=224\" >\n\t\t\t\t\u00c9v\u00e9nements \u00e0 venir : Du plaisir pour toute la famille !\t\t\t<\/a>\n\t\t<\/h5>\n\t\t\t\t<div class=\"elementor-post__excerpt\">\n\t\t\t<p>Restez inform\u00e9 des \u00e9v\u00e9nements et activit\u00e9s passionnants \u00e0 venir de l&rsquo;APE de Jouarre pour les\t\t<\/div>\n\t\t\t\t\t<div class=\"elementor-post__read-more-wrapper\">\n\t\t        <div class=\"elementor-post__read-more-container\">\n\t\t<a class=\"elementor-post__read-more\" href=\"https:\/\/ape.jouarre.net\/?p=224\" aria-label=\"En savoir plus \u00c9v\u00e9nements \u00e0 venir : Du plaisir pour toute la famille !\" tabindex=\"-1\" >\n\t\t\tRead More            <svg aria-hidden=\"true\" class=\"e-font-icon-svg e-fas-angle-right\" viewBox=\"0 0 256 512\" xmlns=\"http:\/\/www.w3.org\/2000\/svg\"><path d=\"M224.3 273l-136 136c-9.4 9.4-24.6 9.4-33.9 0l-22.6-22.6c-9.4-9.4-9.4-24.6 0-33.9l96.4-96.4-96.4-96.4c-9.4-9.4-9.4-24.6 0-33.9L54.3 103c9.4-9.4 24.6-9.4 33.9 0l136 136c9.5 9.4 9.5 24.6.1 34z\"><\/path><\/svg>\t\t<\/a>\n        <\/div>\n\t\t\t\t\t<\/div>\n\t\t\t\t<\/div>\n\t\t\t\t<\/article>\n\t\t\t\t<article class=\"elementor-post elementor-grid-item post-223 post type-post status-publish format-standard has-post-thumbnail hentry category-association-news\">\n\t\t        <div class=\"twbb-image-container\">\n                        <a class=\"elementor-post__thumbnail__link\" href=\"https:\/\/ape.jouarre.net\/?p=223\" tabindex=\"-1\" >\n                <div class=\"elementor-post__thumbnail\"><img decoding=\"async\" width=\"300\" height=\"169\" src=\"https:\/\/ape.jouarre.net\/wp-content\/uploads\/2025\/10\/tenweb_media_sz9pw8gyo-300x169.webp\" class=\"attachment-medium size-medium wp-image-198\" alt=\"\" srcset=\"https:\/\/ape.jouarre.net\/wp-content\/uploads\/2025\/10\/tenweb_media_sz9pw8gyo-300x169.webp 300w, https:\/\/ape.jouarre.net\/wp-content\/uploads\/2025\/10\/tenweb_media_sz9pw8gyo-1024x576.webp 1024w, https:\/\/ape.jouarre.net\/wp-content\/uploads\/2025\/10\/tenweb_media_sz9pw8gyo-768x432.webp 768w, https:\/\/ape.jouarre.net\/wp-content\/uploads\/2025\/10\/tenweb_media_sz9pw8gyo-1536x864.webp 1536w, https:\/\/ape.jouarre.net\/wp-content\/uploads\/2025\/10\/tenweb_media_sz9pw8gyo-600x338.webp 600w, https:\/\/ape.jouarre.net\/wp-content\/uploads\/2025\/10\/tenweb_media_sz9pw8gyo.webp 1820w\" sizes=\"(max-width: 300px) 100vw, 300px\" \/><\/div>\n            <\/a>\n                    <\/div>\n\t\t\t\t<div class=\"elementor-post__text\">\n\t\t        <div class=\"twbb-post__badge-container\">\n          <a class=\"twbb-post__badge-link\" href=\"https:\/\/ape.jouarre.net\/?cat=18\" alt=\"Actualit\u00e9s de l&#039;association\">\n            <div class=\"elementor-post__badge\">Actualit\u00e9s de l&#039;association<\/div>\n          <\/a>\n        <\/div>\n        \t\t<h5 class=\"elementor-post__title\">\n\t\t\t<a href=\"https:\/\/ape.jouarre.net\/?p=223\" >\n\t\t\t\tRejoignez l&rsquo;APE de Jouarre : Faites une diff\u00e9rence dans l&rsquo;\u00e9ducation de votre enfant\t\t\t<\/a>\n\t\t<\/h5>\n\t\t\t\t<div class=\"elementor-post__excerpt\">\n\t\t\t<p>D\u00e9couvrez comment rejoindre l&rsquo;APE de Jouarre peut avoir un impact positif sur l&rsquo;exp\u00e9rience scolaire de\t\t<\/div>\n\t\t\t\t\t<div class=\"elementor-post__read-more-wrapper\">\n\t\t        <div class=\"elementor-post__read-more-container\">\n\t\t<a class=\"elementor-post__read-more\" href=\"https:\/\/ape.jouarre.net\/?p=223\" aria-label=\"En savoir plus Rejoignez l&rsquo;APE de Jouarre : Faites une diff\u00e9rence dans l&rsquo;\u00e9ducation de votre enfant\" tabindex=\"-1\" >\n\t\t\tRead More            <svg aria-hidden=\"true\" class=\"e-font-icon-svg e-fas-angle-right\" viewBox=\"0 0 256 512\" xmlns=\"http:\/\/www.w3.org\/2000\/svg\"><path d=\"M224.3 273l-136 136c-9.4 9.4-24.6 9.4-33.9 0l-22.6-22.6c-9.4-9.4-9.4-24.6 0-33.9l96.4-96.4-96.4-96.4c-9.4-9.4-9.4-24.6 0-33.9L54.3 103c9.4-9.4 24.6-9.4 33.9 0l136 136c9.5 9.4 9.5 24.6.1 34z\"><\/path><\/svg>\t\t<\/a>\n        <\/div>\n\t\t\t\t\t<\/div>\n\t\t\t\t<\/div>\n\t\t\t\t<\/article>\n\t\t\t\t<article class=\"elementor-post elementor-grid-item post-222 post type-post status-publish format-standard has-post-thumbnail hentry category-school-life\">\n\t\t        <div class=\"twbb-image-container\">\n                        <a class=\"elementor-post__thumbnail__link\" href=\"https:\/\/ape.jouarre.net\/?p=222\" tabindex=\"-1\" >\n                <div class=\"elementor-post__thumbnail\"><img decoding=\"async\" width=\"300\" height=\"169\" src=\"https:\/\/ape.jouarre.net\/wp-content\/uploads\/2025\/10\/tenweb_media_sjtbb99b2-300x169.webp\" class=\"attachment-medium size-medium wp-image-197\" alt=\"\" srcset=\"https:\/\/ape.jouarre.net\/wp-content\/uploads\/2025\/10\/tenweb_media_sjtbb99b2-300x169.webp 300w, https:\/\/ape.jouarre.net\/wp-content\/uploads\/2025\/10\/tenweb_media_sjtbb99b2-1024x576.webp 1024w, https:\/\/ape.jouarre.net\/wp-content\/uploads\/2025\/10\/tenweb_media_sjtbb99b2-768x432.webp 768w, https:\/\/ape.jouarre.net\/wp-content\/uploads\/2025\/10\/tenweb_media_sjtbb99b2-1536x864.webp 1536w, https:\/\/ape.jouarre.net\/wp-content\/uploads\/2025\/10\/tenweb_media_sjtbb99b2-600x338.webp 600w, https:\/\/ape.jouarre.net\/wp-content\/uploads\/2025\/10\/tenweb_media_sjtbb99b2.webp 1820w\" sizes=\"(max-width: 300px) 100vw, 300px\" \/><\/div>\n            <\/a>\n                    <\/div>\n\t\t\t\t<div class=\"elementor-post__text\">\n\t\t        <div class=\"twbb-post__badge-container\">\n          <a class=\"twbb-post__badge-link\" href=\"https:\/\/ape.jouarre.net\/?cat=17\" alt=\"Vie scolaire\">\n            <div class=\"elementor-post__badge\">Vie scolaire<\/div>\n          <\/a>\n        <\/div>\n        \t\t<h5 class=\"elementor-post__title\">\n\t\t\t<a href=\"https:\/\/ape.jouarre.net\/?p=222\" >\n\t\t\t\tR\u00e9ussite de la rentr\u00e9e scolaire : Conseils pour une transition en douceur\t\t\t<\/a>\n\t\t<\/h5>\n\t\t\t\t<div class=\"elementor-post__excerpt\">\n\t\t\t<p>Aidez votre enfant \u00e0 s&rsquo;\u00e9panouir cette ann\u00e9e scolaire gr\u00e2ce \u00e0 nos conseils pratiques pour la\t\t<\/div>\n\t\t\t\t\t<div class=\"elementor-post__read-more-wrapper\">\n\t\t        <div class=\"elementor-post__read-more-container\">\n\t\t<a class=\"elementor-post__read-more\" href=\"https:\/\/ape.jouarre.net\/?p=222\" aria-label=\"En savoir plus R\u00e9ussite de la rentr\u00e9e scolaire : Conseils pour une transition en douceur\" tabindex=\"-1\" >\n\t\t\tRead More            <svg aria-hidden=\"true\" class=\"e-font-icon-svg e-fas-angle-right\" viewBox=\"0 0 256 512\" xmlns=\"http:\/\/www.w3.org\/2000\/svg\"><path d=\"M224.3 273l-136 136c-9.4 9.4-24.6 9.4-33.9 0l-22.6-22.6c-9.4-9.4-9.4-24.6 0-33.9l96.4-96.4-96.4-96.4c-9.4-9.4-9.4-24.6 0-33.9L54.3 103c9.4-9.4 24.6-9.4 33.9 0l136 136c9.5 9.4 9.5 24.6.1 34z\"><\/path><\/svg>\t\t<\/a>\n        <\/div>\n\t\t\t\t\t<\/div>\n\t\t\t\t<\/div>\n\t\t\t\t<\/article>\n\t\t\t\t<\/div>\n\t\t\n\t\t\t\t\t\t<\/div>\n\t\t\t\t<\/div>\n\t\t\t\t\t<\/div>\n\t\t\t\t<\/div>\n\t\t<div class=\"elementor-element elementor-element-m94ijv4i twbb_section e-con-boxed e-flex e-con e-parent\" data-id=\"m94ijv4i\" data-element_type=\"container\" data-e-type=\"container\" id=\"looking-back-at-our-past-events\">\n\t\t\t\t\t<div class=\"e-con-inner\">\n\t\t\t\t<div class=\"elementor-element elementor-element-mns0pr3l elementor-widget__width-initial elementor-widget-mobile__width-inherit elementor-widget-tablet__width-initial elementor-invisible elementor-widget elementor-widget-heading\" data-id=\"mns0pr3l\" data-element_type=\"widget\" data-e-type=\"widget\" data-settings=\"{&quot;_animation&quot;:&quot;fadeInUp&quot;}\" data-widget_type=\"heading.default\">\n\t\t\t\t\t<h2 class=\"elementor-heading-title elementor-size-default\">Retour sur nos \u00e9v\u00e9nements pass\u00e9s<\/h2>\t\t\t\t<\/div>\n\t\t\t\t<div class=\"elementor-element elementor-element-e3b703wi elementor-widget__width-initial elementor-widget-mobile__width-inherit elementor-widget-tablet__width-initial elementor-invisible elementor-widget elementor-widget-text-editor\" data-id=\"e3b703wi\" data-element_type=\"widget\" data-e-type=\"widget\" data-settings=\"{&quot;_animation&quot;:&quot;fadeInUp&quot;}\" data-widget_type=\"text-editor.default\">\n\t\t\t\t\t\t\t\t\tExplorez les moments m\u00e9morables et les r\u00e9alisations des \u00e9v\u00e9nements pr\u00e9c\u00e9dents de l&rsquo;APE de Jouarre.\t\t\t\t\t\t\t\t<\/div>\n\t\t\t\t<div class=\"elementor-element elementor-element-au5l3bvn elementor-widget__width-initial elementor-widget-mobile__width-inherit elementor-widget-tablet__width-initial elementor-widget elementor-widget-twbb_gallery\" data-id=\"au5l3bvn\" data-element_type=\"widget\" data-e-type=\"widget\" data-settings=\"{&quot;gallery_layout&quot;:&quot;grid&quot;,&quot;gap&quot;:{&quot;unit&quot;:&quot;px&quot;,&quot;size&quot;:20,&quot;sizes&quot;:[]},&quot;hgap&quot;:{&quot;unit&quot;:&quot;px&quot;,&quot;size&quot;:20,&quot;sizes&quot;:[]},&quot;gap_mobile&quot;:{&quot;unit&quot;:&quot;px&quot;,&quot;size&quot;:20,&quot;sizes&quot;:[]},&quot;hgap_mobile&quot;:{&quot;unit&quot;:&quot;px&quot;,&quot;size&quot;:20,&quot;sizes&quot;:[]},&quot;columns&quot;:3,&quot;columns_mobile&quot;:2,&quot;aspect_ratio&quot;:&quot;1:1&quot;,&quot;image_hover_animation&quot;:&quot;grow&quot;,&quot;lazyload&quot;:&quot;yes&quot;,&quot;columns_tablet&quot;:2,&quot;gap_tablet&quot;:{&quot;unit&quot;:&quot;px&quot;,&quot;size&quot;:10,&quot;sizes&quot;:[]},&quot;hgap_tablet&quot;:{&quot;unit&quot;:&quot;px&quot;,&quot;size&quot;:10,&quot;sizes&quot;:[]},&quot;image_title_description&quot;:&quot;on_hover&quot;}\" data-widget_type=\"twbb_gallery.default\">\n\t\t\t\t<div class=\"elementor-widget-container\">\n\t\t\t\t\t\t\t<div class=\"elementor-gallery__container\">\n\t\t\t\t\t\t\t<div\n                class=\"e-gallery-item elementor-gallery-item twbb-flex-end-item elementor-animated-content\">\n        \n        <div class=\"twbb_item_image_section\">\n          <div class=\"e-gallery-image elementor-gallery-item__image\" data-thumbnail=\"https:\/\/ape.jouarre.net\/wp-content\/uploads\/2025\/10\/tenweb_media_sgob1e9ix.webp\" data-width=\"1024\" data-height=\"1024\" alt=\"\" ><\/div>\n                  <\/div>\n               <\/div>\n      \t\t\t\t<div\n                class=\"e-gallery-item elementor-gallery-item twbb-flex-end-item elementor-animated-content\">\n        \n        <div class=\"twbb_item_image_section\">\n          <div class=\"e-gallery-image elementor-gallery-item__image\" data-thumbnail=\"https:\/\/ape.jouarre.net\/wp-content\/uploads\/2025\/10\/tenweb_media_sjrlo2z9h.webp\" data-width=\"1024\" data-height=\"1024\" alt=\"\" ><\/div>\n                  <\/div>\n               <\/div>\n      \t\t\t\t<div\n                class=\"e-gallery-item elementor-gallery-item twbb-flex-end-item elementor-animated-content\">\n        \n        <div class=\"twbb_item_image_section\">\n          <div class=\"e-gallery-image elementor-gallery-item__image\" data-thumbnail=\"https:\/\/ape.jouarre.net\/wp-content\/uploads\/2025\/10\/tenweb_media_stbxka3pb.webp\" data-width=\"1024\" data-height=\"1024\" alt=\"\" ><\/div>\n                  <\/div>\n               <\/div>\n      \t\t\t\t<div\n                class=\"e-gallery-item elementor-gallery-item twbb-flex-end-item elementor-animated-content\">\n        \n        <div class=\"twbb_item_image_section\">\n          <div class=\"e-gallery-image elementor-gallery-item__image\" data-thumbnail=\"https:\/\/ape.jouarre.net\/wp-content\/uploads\/2025\/10\/tenweb_media_slvoxgpml.webp\" data-width=\"1024\" data-height=\"1024\" alt=\"\" ><\/div>\n                  <\/div>\n               <\/div>\n      \t\t\t\t<div\n                class=\"e-gallery-item elementor-gallery-item twbb-flex-end-item elementor-animated-content\">\n        \n        <div class=\"twbb_item_image_section\">\n          <div class=\"e-gallery-image elementor-gallery-item__image\" data-thumbnail=\"https:\/\/ape.jouarre.net\/wp-content\/uploads\/2025\/10\/tenweb_media_szz7py079.webp\" data-width=\"1024\" data-height=\"1024\" alt=\"\" ><\/div>\n                  <\/div>\n               <\/div>\n      \t\t\t\t<div\n                class=\"e-gallery-item elementor-gallery-item twbb-flex-end-item elementor-animated-content\">\n        \n        <div class=\"twbb_item_image_section\">\n          <div class=\"e-gallery-image elementor-gallery-item__image\" data-thumbnail=\"https:\/\/ape.jouarre.net\/wp-content\/uploads\/2025\/10\/tenweb_media_sfnv96f3z.webp\" data-width=\"1024\" data-height=\"1024\" alt=\"\" ><\/div>\n                  <\/div>\n               <\/div>\n            <\/div>\n\n      \t\t\t\t<\/div>\n\t\t\t\t<\/div>\n\t\t\t\t\t<\/div>\n\t\t\t\t<\/div>\n\t\t\t\t<\/div>\n\t\t","protected":false},"excerpt":{"rendered":"","protected":false},"author":0,"featured_media":0,"parent":0,"menu_order":0,"comment_status":"closed","ping_status":"publish","template":"","meta":{"_price":"","_stock":"","_tribe_ticket_header":"","_tribe_default_ticket_provider":"","_tribe_ticket_capacity":"0","_ticket_start_date":"","_ticket_end_date":"","_tribe_ticket_show_description":"","_tribe_ticket_show_not_going":false,"_tribe_ticket_use_global_stock":"","_tribe_ticket_global_stock_level":"","_global_stock_mode":"","_global_stock_cap":"","_tribe_rsvp_for_event":"","_tribe_ticket_going_count":"","_tribe_ticket_not_going_count":"","_tribe_tickets_list":"[]","_tribe_ticket_has_attendee_info_fields":false,"two_page_speed":[],"footnotes":"","_tec_slr_enabled":"","_tec_slr_layout":""},"class_list":["post-229","page","type-page","status-publish","hentry"],"yoast_head":"<!-- This site is optimized with the Yoast SEO plugin v27.3 - https:\/\/yoast.com\/product\/yoast-seo-wordpress\/ -->\n<title>\u00c9v\u00e9nements - APE de Jouarre<\/title>\n<meta name=\"robots\" content=\"index, follow, max-snippet:-1, max-image-preview:large, max-video-preview:-1\" \/>\n<link rel=\"canonical\" href=\"https:\/\/ape.jouarre.net\/?page_id=229\" \/>\n<meta property=\"og:locale\" content=\"fr_FR\" \/>\n<meta property=\"og:type\" content=\"article\" \/>\n<meta property=\"og:title\" content=\"\u00c9v\u00e9nements - APE de Jouarre\" \/>\n<meta property=\"og:url\" content=\"https:\/\/ape.jouarre.net\/?page_id=229\" \/>\n<meta property=\"og:site_name\" content=\"APE de Jouarre\" \/>\n<meta property=\"article:modified_time\" content=\"2025-10-01T11:40:14+00:00\" \/>\n<meta name=\"twitter:card\" content=\"summary_large_image\" \/>\n<script type=\"application\/ld+json\" class=\"yoast-schema-graph\">{\"@context\":\"https:\\\/\\\/schema.org\",\"@graph\":[{\"@type\":\"WebPage\",\"@id\":\"https:\\\/\\\/ape.jouarre.net\\\/?page_id=229\",\"url\":\"https:\\\/\\\/ape.jouarre.net\\\/?page_id=229\",\"name\":\"\u00c9v\u00e9nements - APE de Jouarre\",\"isPartOf\":{\"@id\":\"https:\\\/\\\/ape.jouarre.net\\\/#website\"},\"datePublished\":\"2025-10-01T11:40:12+00:00\",\"dateModified\":\"2025-10-01T11:40:14+00:00\",\"breadcrumb\":{\"@id\":\"https:\\\/\\\/ape.jouarre.net\\\/?page_id=229#breadcrumb\"},\"inLanguage\":\"fr-FR\",\"potentialAction\":[{\"@type\":\"ReadAction\",\"target\":[\"https:\\\/\\\/ape.jouarre.net\\\/?page_id=229\"]}]},{\"@type\":\"BreadcrumbList\",\"@id\":\"https:\\\/\\\/ape.jouarre.net\\\/?page_id=229#breadcrumb\",\"itemListElement\":[{\"@type\":\"ListItem\",\"position\":1,\"name\":\"Accueil\",\"item\":\"https:\\\/\\\/ape.jouarre.net\\\/\"},{\"@type\":\"ListItem\",\"position\":2,\"name\":\"\u00c9v\u00e9nements\"}]},{\"@type\":\"WebSite\",\"@id\":\"https:\\\/\\\/ape.jouarre.net\\\/#website\",\"url\":\"https:\\\/\\\/ape.jouarre.net\\\/\",\"name\":\"APE de Jouarre\",\"description\":\"\",\"publisher\":{\"@id\":\"https:\\\/\\\/ape.jouarre.net\\\/#organization\"},\"potentialAction\":[{\"@type\":\"SearchAction\",\"target\":{\"@type\":\"EntryPoint\",\"urlTemplate\":\"https:\\\/\\\/ape.jouarre.net\\\/?s={search_term_string}\"},\"query-input\":{\"@type\":\"PropertyValueSpecification\",\"valueRequired\":true,\"valueName\":\"search_term_string\"}}],\"inLanguage\":\"fr-FR\"},{\"@type\":\"Organization\",\"@id\":\"https:\\\/\\\/ape.jouarre.net\\\/#organization\",\"name\":\"APE de Jouarre\",\"url\":\"https:\\\/\\\/ape.jouarre.net\\\/\",\"logo\":{\"@type\":\"ImageObject\",\"inLanguage\":\"fr-FR\",\"@id\":\"https:\\\/\\\/ape.jouarre.net\\\/#\\\/schema\\\/logo\\\/image\\\/\",\"url\":\"https:\\\/\\\/ape.jouarre.net\\\/wp-content\\\/uploads\\\/2025\\\/10\\\/cropped-Logo_APE_Jouarre_transparent.png\",\"contentUrl\":\"https:\\\/\\\/ape.jouarre.net\\\/wp-content\\\/uploads\\\/2025\\\/10\\\/cropped-Logo_APE_Jouarre_transparent.png\",\"width\":936,\"height\":936,\"caption\":\"APE de Jouarre\"},\"image\":{\"@id\":\"https:\\\/\\\/ape.jouarre.net\\\/#\\\/schema\\\/logo\\\/image\\\/\"}}]}<\/script>\n<!-- \/ Yoast SEO plugin. -->","yoast_head_json":{"title":"\u00c9v\u00e9nements - APE de Jouarre","robots":{"index":"index","follow":"follow","max-snippet":"max-snippet:-1","max-image-preview":"max-image-preview:large","max-video-preview":"max-video-preview:-1"},"canonical":"https:\/\/ape.jouarre.net\/?page_id=229","og_locale":"fr_FR","og_type":"article","og_title":"\u00c9v\u00e9nements - APE de Jouarre","og_url":"https:\/\/ape.jouarre.net\/?page_id=229","og_site_name":"APE de Jouarre","article_modified_time":"2025-10-01T11:40:14+00:00","twitter_card":"summary_large_image","schema":{"@context":"https:\/\/schema.org","@graph":[{"@type":"WebPage","@id":"https:\/\/ape.jouarre.net\/?page_id=229","url":"https:\/\/ape.jouarre.net\/?page_id=229","name":"\u00c9v\u00e9nements - APE de Jouarre","isPartOf":{"@id":"https:\/\/ape.jouarre.net\/#website"},"datePublished":"2025-10-01T11:40:12+00:00","dateModified":"2025-10-01T11:40:14+00:00","breadcrumb":{"@id":"https:\/\/ape.jouarre.net\/?page_id=229#breadcrumb"},"inLanguage":"fr-FR","potentialAction":[{"@type":"ReadAction","target":["https:\/\/ape.jouarre.net\/?page_id=229"]}]},{"@type":"BreadcrumbList","@id":"https:\/\/ape.jouarre.net\/?page_id=229#breadcrumb","itemListElement":[{"@type":"ListItem","position":1,"name":"Accueil","item":"https:\/\/ape.jouarre.net\/"},{"@type":"ListItem","position":2,"name":"\u00c9v\u00e9nements"}]},{"@type":"WebSite","@id":"https:\/\/ape.jouarre.net\/#website","url":"https:\/\/ape.jouarre.net\/","name":"APE de Jouarre","description":"","publisher":{"@id":"https:\/\/ape.jouarre.net\/#organization"},"potentialAction":[{"@type":"SearchAction","target":{"@type":"EntryPoint","urlTemplate":"https:\/\/ape.jouarre.net\/?s={search_term_string}"},"query-input":{"@type":"PropertyValueSpecification","valueRequired":true,"valueName":"search_term_string"}}],"inLanguage":"fr-FR"},{"@type":"Organization","@id":"https:\/\/ape.jouarre.net\/#organization","name":"APE de Jouarre","url":"https:\/\/ape.jouarre.net\/","logo":{"@type":"ImageObject","inLanguage":"fr-FR","@id":"https:\/\/ape.jouarre.net\/#\/schema\/logo\/image\/","url":"https:\/\/ape.jouarre.net\/wp-content\/uploads\/2025\/10\/cropped-Logo_APE_Jouarre_transparent.png","contentUrl":"https:\/\/ape.jouarre.net\/wp-content\/uploads\/2025\/10\/cropped-Logo_APE_Jouarre_transparent.png","width":936,"height":936,"caption":"APE de Jouarre"},"image":{"@id":"https:\/\/ape.jouarre.net\/#\/schema\/logo\/image\/"}}]}},"ticketed":false,"_links":{"self":[{"href":"https:\/\/ape.jouarre.net\/index.php?rest_route=\/wp\/v2\/pages\/229","targetHints":{"allow":["GET"]}}],"collection":[{"href":"https:\/\/ape.jouarre.net\/index.php?rest_route=\/wp\/v2\/pages"}],"about":[{"href":"https:\/\/ape.jouarre.net\/index.php?rest_route=\/wp\/v2\/types\/page"}],"replies":[{"embeddable":true,"href":"https:\/\/ape.jouarre.net\/index.php?rest_route=%2Fwp%2Fv2%2Fcomments&post=229"}],"version-history":[{"count":2,"href":"https:\/\/ape.jouarre.net\/index.php?rest_route=\/wp\/v2\/pages\/229\/revisions"}],"predecessor-version":[{"id":630,"href":"https:\/\/ape.jouarre.net\/index.php?rest_route=\/wp\/v2\/pages\/229\/revisions\/630"}],"wp:attachment":[{"href":"https:\/\/ape.jouarre.net\/index.php?rest_route=%2Fwp%2Fv2%2Fmedia&parent=229"}],"curies":[{"name":"wp","href":"https:\/\/api.w.org\/{rel}","templated":true}]}}